{"id":12,"date":"2022-12-26T08:52:15","date_gmt":"2022-12-26T08:52:15","guid":{"rendered":"https:\/\/halomtruck.hu\/?page_id=12"},"modified":"2023-11-30T16:52:38","modified_gmt":"2023-11-30T16:52:38","slug":"fooldal","status":"publish","type":"page","link":"https:\/\/www.halomtruck.hu\/","title":{"rendered":"F\u0151oldal"},"content":{"rendered":"<p>[et_pb_section fb_built=&#8221;1&#8243; custom_padding_last_edited=&#8221;on|tablet&#8221; admin_label=&#8221;Header&#8221; _builder_version=&#8221;4.16&#8243; background_color=&#8221;#eaeaf1&#8243; use_background_color_gradient=&#8221;on&#8221; background_color_gradient_direction=&#8221;-67deg&#8221; background_color_gradient_stops=&#8221;#eaeaf1 18%|#ffffff 18%&#8221; background_color_gradient_start=&#8221;#eaeaf1&#8243; background_color_gradient_start_position=&#8221;18%&#8221; background_color_gradient_end=&#8221;#ffffff&#8221; background_color_gradient_end_position=&#8221;0%&#8221; background_position=&#8221;top_left&#8221; custom_padding=&#8221;0|0px|100px|0px|false|false&#8221; custom_padding_tablet=&#8221;||0px&#8221; custom_padding_phone=&#8221;&#8221; locked=&#8221;off&#8221; global_colors_info=&#8221;{}&#8221;][et_pb_row column_structure=&#8221;2_5,3_5&#8243; _builder_version=&#8221;4.16&#8243; width=&#8221;90%&#8221; max_width=&#8221;1800px&#8221; module_alignment=&#8221;right&#8221; custom_padding=&#8221;0px||0||false|false&#8221; hover_enabled=&#8221;0&#8243; use_custom_width=&#8221;on&#8221; width_unit=&#8221;off&#8221; custom_width_percent=&#8221;90%&#8221; global_colors_info=&#8221;{}&#8221; sticky_enabled=&#8221;0&#8243;][et_pb_column type=&#8221;2_5&#8243; _builder_version=&#8221;4.16&#8243; custom_padding=&#8221;|50px||&#8221; global_colors_info=&#8221;{}&#8221; custom_padding__hover=&#8221;|||&#8221;][et_pb_divider color=&#8221;#0251b8&#8243; divider_weight=&#8221;80px&#8221; _builder_version=&#8221;4.16&#8243; transform_skew=&#8221;-22deg|0deg&#8221; transform_skew_linked=&#8221;off&#8221; height=&#8221;80px&#8221; custom_margin=&#8221;||60px|-20vw&#8221; custom_margin_tablet=&#8221;||30px&#8221; custom_margin_phone=&#8221;&#8221; custom_margin_last_edited=&#8221;on|tablet&#8221; locked=&#8221;off&#8221; global_colors_info=&#8221;{}&#8221;][\/et_pb_divider][et_pb_text _builder_version=&#8221;4.16&#8243; header_font=&#8221;Khand|700|on|on|||||&#8221; header_text_align=&#8221;left&#8221; header_font_size=&#8221;8vw&#8221; transform_skew=&#8221;-6deg|0deg&#8221; transform_skew_linked=&#8221;off&#8221; custom_margin=&#8221;||0px|||&#8221; custom_padding=&#8221;|0px||||&#8221; hover_enabled=&#8221;0&#8243; header_font_size_tablet=&#8221;100px&#8221; header_font_size_phone=&#8221;50px&#8221; header_font_size_last_edited=&#8221;on|phone&#8221; global_colors_info=&#8221;{}&#8221; sticky_enabled=&#8221;0&#8243;]<\/p>\n<h1>halom<\/h1>\n<h1>truck<br \/>szerviz KFT.<\/h1>\n<p>[\/et_pb_text][et_pb_divider color=&#8221;#f71635&#8243; divider_style=&#8221;double&#8221; divider_weight=&#8221;10px&#8221; _builder_version=&#8221;4.16&#8243; transform_skew=&#8221;-20deg|0deg&#8221; max_width=&#8221;100px&#8221; height=&#8221;10px&#8221; locked=&#8221;off&#8221; global_colors_info=&#8221;{}&#8221;][\/et_pb_divider][et_pb_text _builder_version=&#8221;4.16&#8243; text_font=&#8221;|600|||||||&#8221; text_font_size=&#8221;24px&#8221; text_line_height=&#8221;2em&#8221; text_font_size_tablet=&#8221;&#8221; text_font_size_phone=&#8221;16px&#8221; text_font_size_last_edited=&#8221;on|phone&#8221; global_colors_info=&#8221;{}&#8221;]<\/p>\n<p><span>A c\u00e9get Fazekas L\u00e1szl\u00f3, 2014-ben az akkor m\u00e1r t\u00f6bb, mint 15 \u00e9ves g\u00e9pj\u00e1rm\u0171 jav\u00edt\u00e1sban szerzett tapasztalat\u00e1ra alap\u00edtotta, Halom Truck Szerviz Kft. n\u00e9ven.<\/span><\/p>\n<p>[\/et_pb_text][et_pb_button button_url=&#8221;@ET-DC@eyJkeW5hbWljIjp0cnVlLCJjb250ZW50IjoicG9zdF9saW5rX3VybF9wYWdlIiwic2V0dGluZ3MiOnsicG9zdF9pZCI6IjExMyJ9fQ==@&#8221; button_text=&#8221;KApcsolat&#8221; button_alignment=&#8221;right&#8221; _builder_version=&#8221;4.19.4&#8243; _dynamic_attributes=&#8221;button_url&#8221; custom_button=&#8221;on&#8221; button_text_size=&#8221;14px&#8221; button_text_color=&#8221;#ffffff&#8221; button_bg_color=&#8221;#f71635&#8243; button_border_width=&#8221;0px&#8221; button_border_radius=&#8221;0px&#8221; button_letter_spacing=&#8221;3px&#8221; button_font=&#8221;|700||on|||||&#8221; button_icon=&#8221;&#x45;||divi||400&#8243; button_on_hover=&#8221;off&#8221; transform_skew=&#8221;-22deg|0deg&#8221; transform_skew_linked=&#8221;off&#8221; custom_padding=&#8221;15px|40px|15px|30px|true|false&#8221; global_colors_info=&#8221;{}&#8221; button_bg_color__hover_enabled=&#8221;on&#8221; button_bg_color__hover=&#8221;#d10026&#8243;][\/et_pb_button][\/et_pb_column][et_pb_column type=&#8221;3_5&#8243; _builder_version=&#8221;4.16&#8243; custom_padding=&#8221;|||&#8221; global_colors_info=&#8221;{}&#8221; custom_padding__hover=&#8221;|||&#8221;][et_pb_image src=&#8221;https:\/\/halomtruck.hu\/wp-content\/uploads\/2022\/12\/mechanic-59.png&#8221; align=&#8221;right&#8221; force_fullwidth=&#8221;on&#8221; _builder_version=&#8221;4.16&#8243; background_image=&#8221;https:\/\/halomtruck.hu\/wp-content\/uploads\/2022\/12\/mechanic-86.jpg&#8221; parallax=&#8221;on&#8221; width_tablet=&#8221;70%&#8221; width_phone=&#8221;&#8221; width_last_edited=&#8221;on|tablet&#8221; custom_padding=&#8221;|||&#8221; always_center_on_mobile=&#8221;off&#8221; global_colors_info=&#8221;{}&#8221;][\/et_pb_image][et_pb_image src=&#8221;https:\/\/halomtruck.hu\/wp-content\/uploads\/2022\/12\/mechanic-57-1.png&#8221; align=&#8221;right&#8221; _builder_version=&#8221;4.16&#8243; width=&#8221;60%&#8221; module_alignment=&#8221;right&#8221; custom_margin=&#8221;-70%||&#8221; always_center_on_mobile=&#8221;off&#8221; global_colors_info=&#8221;{}&#8221;][\/et_pb_image][\/et_pb_column][\/et_pb_row][et_pb_row column_structure=&#8221;1_5,1_5,1_5,1_5,1_5&#8243; _builder_version=&#8221;4.19.4&#8243; _module_preset=&#8221;default&#8221; global_colors_info=&#8221;{}&#8221;][et_pb_column type=&#8221;1_5&#8243; _builder_version=&#8221;4.19.4&#8243; _module_preset=&#8221;default&#8221; global_colors_info=&#8221;{}&#8221;][et_pb_blurb title=&#8221;G\u00e9pj\u00e1rm\u0171 jav\u00edt\u00e1s&#8221; image=&#8221;https:\/\/halomtruck.hu\/wp-content\/uploads\/2022\/12\/mechanic-94.jpg&#8221; _builder_version=&#8221;4.19.4&#8243; _module_preset=&#8221;default&#8221; box_shadow_style_image=&#8221;preset4&#8243; box_shadow_color_image=&#8221;#f71534&#8243; global_colors_info=&#8221;{}&#8221;]<\/p>\n<p>Fazekas L\u00e1szl\u00f3<\/p>\n<p>+36 30 414 9479<\/p>\n<p>[\/et_pb_blurb][\/et_pb_column][et_pb_column type=&#8221;1_5&#8243; _builder_version=&#8221;4.19.4&#8243; _module_preset=&#8221;default&#8221; global_colors_info=&#8221;{}&#8221;][et_pb_blurb title=&#8221;Gumiszerviz&#8221; image=&#8221;https:\/\/halomtruck.hu\/wp-content\/uploads\/2022\/12\/mechanic-90.jpg&#8221; _builder_version=&#8221;4.19.4&#8243; _module_preset=&#8221;default&#8221; box_shadow_style_image=&#8221;preset4&#8243; box_shadow_color_image=&#8221;#f71534&#8243; global_colors_info=&#8221;{}&#8221;]<\/p>\n<p>Drlak Istv\u00e1n<\/p>\n<p><span>+36 30 264 8866<\/span><\/p>\n<p>[\/et_pb_blurb][\/et_pb_column][et_pb_column type=&#8221;1_5&#8243; _builder_version=&#8221;4.19.4&#8243; _module_preset=&#8221;default&#8221; global_colors_info=&#8221;{}&#8221;][et_pb_blurb title=&#8221;\u00c1rufuvaroz\u00e1s&#8221; image=&#8221;https:\/\/halomtruck.hu\/wp-content\/uploads\/2022\/12\/Optimized-man-by-truck-guy-delivery-uniform-man-with-clipboard.jpg&#8221; _builder_version=&#8221;4.19.4&#8243; _module_preset=&#8221;default&#8221; box_shadow_style_image=&#8221;preset4&#8243; box_shadow_color_image=&#8221;#f71534&#8243; global_colors_info=&#8221;{}&#8221;]<\/p>\n<p>Kov\u00e1cs G\u00e1bor<\/p>\n<p><span>+36 20 342 7782<\/span><\/p>\n<p>[\/et_pb_blurb][\/et_pb_column][et_pb_column type=&#8221;1_5&#8243; _builder_version=&#8221;4.19.4&#8243; _module_preset=&#8221;default&#8221; global_colors_info=&#8221;{}&#8221;][et_pb_blurb title=&#8221;G\u00e9pj\u00e1rm\u0171 kereskedelem&#8221; image=&#8221;https:\/\/halomtruck.hu\/wp-content\/uploads\/2022\/12\/Optimized-stylish-elegant-woman-car-salon.jpg&#8221; _builder_version=&#8221;4.19.4&#8243; _module_preset=&#8221;default&#8221; box_shadow_style_image=&#8221;preset4&#8243; box_shadow_color_image=&#8221;#f71534&#8243; global_colors_info=&#8221;{}&#8221;]<\/p>\n<p>Pauliscse S\u00e1ndor<\/p>\n<p><span>+36 30 950 2768<\/span><\/p>\n<p>[\/et_pb_blurb][\/et_pb_column][et_pb_column type=&#8221;1_5&#8243; _builder_version=&#8221;4.19.4&#8243; _module_preset=&#8221;default&#8221; global_colors_info=&#8221;{}&#8221;][et_pb_blurb title=&#8221;Nemzetk\u00f6zi kamion \u00e9s aut\u00f3ment\u00e9s&#8221; image=&#8221;https:\/\/halomtruck.hu\/wp-content\/uploads\/2022\/12\/Optimized-truck-driver-opening-reservoir-tank-refuel-truck-holding-thumbs-up.jpg&#8221; _builder_version=&#8221;4.19.4&#8243; _module_preset=&#8221;default&#8221; box_shadow_style_image=&#8221;preset4&#8243; box_shadow_color_image=&#8221;#f71534&#8243; global_colors_info=&#8221;{}&#8221;]<\/p>\n<p>Fazekas L\u00e1szl\u00f3<\/p>\n<p><span>+36 30 414 9479<\/span><\/p>\n<p>[\/et_pb_blurb][\/et_pb_column][\/et_pb_row][et_pb_row _builder_version=&#8221;4.19.4&#8243; _module_preset=&#8221;default&#8221; background_color=&#8221;#f71534&#8243; module_alignment=&#8221;center&#8221; global_colors_info=&#8221;{}&#8221;][et_pb_column type=&#8221;4_4&#8243; _builder_version=&#8221;4.19.4&#8243; _module_preset=&#8221;default&#8221; global_colors_info=&#8221;{}&#8221;][et_pb_text _builder_version=&#8221;4.22.1&#8243; _module_preset=&#8221;default&#8221; text_text_color=&#8221;#000000&#8243; text_font_size=&#8221;20px&#8221; header_font_size=&#8221;35px&#8221; global_colors_info=&#8221;{}&#8221;]<\/p>\n<h1 style=\"text-align: center;\">Munkafelv\u00e9tel : +36 30 414 9479<\/h1>\n<p>[\/et_pb_text][\/et_pb_column][\/et_pb_row][\/et_pb_section][et_pb_section fb_built=&#8221;1&#8243; admin_label=&#8221;About&#8221; _builder_version=&#8221;4.16&#8243; background_color=&#8221;#eaeaf1&#8243; background_image=&#8221;https:\/\/halomtruck.hu\/wp-content\/uploads\/2022\/12\/mechanic-35.png&#8221; background_size=&#8221;initial&#8221; background_position=&#8221;bottom_right&#8221; custom_padding=&#8221;||2px|||&#8221; global_colors_info=&#8221;{}&#8221;][et_pb_row column_structure=&#8221;3_5,2_5&#8243; _builder_version=&#8221;4.16&#8243; global_colors_info=&#8221;{}&#8221;][et_pb_column type=&#8221;3_5&#8243; _builder_version=&#8221;4.16&#8243; custom_padding=&#8221;|||&#8221; global_colors_info=&#8221;{}&#8221; custom_padding__hover=&#8221;|||&#8221;][et_pb_image src=&#8221;https:\/\/halomtruck.hu\/wp-content\/uploads\/2022\/12\/mechanic-85.jpg&#8221; align_tablet=&#8221;center&#8221; align_phone=&#8221;center&#8221; align_last_edited=&#8221;on|desktop&#8221; _builder_version=&#8221;4.16&#8243; custom_margin=&#8221;|||-10vw&#8221; custom_margin_tablet=&#8221;|||0vw&#8221; custom_margin_phone=&#8221;&#8221; custom_margin_last_edited=&#8221;on|tablet&#8221; locked=&#8221;off&#8221; global_colors_info=&#8221;{}&#8221;][\/et_pb_image][\/et_pb_column][et_pb_column type=&#8221;2_5&#8243; _builder_version=&#8221;4.16&#8243; custom_padding=&#8221;|||&#8221; global_colors_info=&#8221;{}&#8221; custom_padding__hover=&#8221;|||&#8221;][et_pb_text _builder_version=&#8221;4.19.4&#8243; text_font=&#8221;|600|||||||&#8221; text_line_height=&#8221;2em&#8221; header_font=&#8221;||||||||&#8221; header_2_font=&#8221;Khand|700||on|||||&#8221; header_2_font_size=&#8221;60px&#8221; header_2_line_height=&#8221;1.2em&#8221; text_orientation=&#8221;center&#8221; header_2_font_size_tablet=&#8221;40px&#8221; header_2_font_size_phone=&#8221;30px&#8221; header_2_font_size_last_edited=&#8221;on|desktop&#8221; locked=&#8221;off&#8221; global_colors_info=&#8221;{}&#8221;]<\/p>\n<h2>Partnereink<\/h2>\n<p>[\/et_pb_text][et_pb_image src=&#8221;https:\/\/halomtruck.hu\/wp-content\/uploads\/2022\/12\/UNIX_Auto_logo.png&#8221; title_text=&#8221;UNIX_Auto\u0301_logo\u0301&#8221; align=&#8221;center&#8221; _builder_version=&#8221;4.19.4&#8243; _module_preset=&#8221;default&#8221; global_colors_info=&#8221;{}&#8221;][\/et_pb_image][et_pb_image src=&#8221;https:\/\/halomtruck.hu\/wp-content\/uploads\/2022\/12\/logo_europarts.png&#8221; title_text=&#8221;logo_europarts&#8221; align=&#8221;center&#8221; _builder_version=&#8221;4.19.4&#8243; _module_preset=&#8221;default&#8221; global_colors_info=&#8221;{}&#8221;][\/et_pb_image][et_pb_image src=&#8221;https:\/\/halomtruck.hu\/wp-content\/uploads\/2022\/12\/bardi-auto-logo_HU.png&#8221; title_text=&#8221;bardi-auto-logo_HU&#8221; align=&#8221;center&#8221; _builder_version=&#8221;4.19.4&#8243; _module_preset=&#8221;default&#8221; global_colors_info=&#8221;{}&#8221;][\/et_pb_image][et_pb_image src=&#8221;https:\/\/halomtruck.hu\/wp-content\/uploads\/2022\/12\/ic_logo-f184a897b830ee2cdae40fc138f1ddda.png&#8221; title_text=&#8221;ic_logo-f184a897b830ee2cdae40fc138f1ddda&#8221; align=&#8221;center&#8221; _builder_version=&#8221;4.19.4&#8243; _module_preset=&#8221;default&#8221; global_colors_info=&#8221;{}&#8221;][\/et_pb_image][et_pb_image src=&#8221;https:\/\/halomtruck.hu\/wp-content\/uploads\/2022\/12\/AKLogo.png&#8221; title_text=&#8221;AKLogo&#8221; align=&#8221;center&#8221; _builder_version=&#8221;4.19.4&#8243; _module_preset=&#8221;default&#8221; global_colors_info=&#8221;{}&#8221;][\/et_pb_image][\/et_pb_column][\/et_pb_row][\/et_pb_section][et_pb_section fb_built=&#8221;1&#8243; admin_label=&#8221;Services&#8221; _builder_version=&#8221;4.16&#8243; background_color=&#8221;#021827&#8243; min_height=&#8221;700px&#8221; custom_padding=&#8221;100px|0px|2px|0px|false|false&#8221; saved_tabs=&#8221;all&#8221; global_colors_info=&#8221;{}&#8221;][et_pb_row _builder_version=&#8221;4.16&#8243; global_colors_info=&#8221;{}&#8221;][et_pb_column type=&#8221;4_4&#8243; _builder_version=&#8221;4.16&#8243; custom_padding=&#8221;|||&#8221; global_colors_info=&#8221;{}&#8221; custom_padding__hover=&#8221;|||&#8221;][et_pb_text _builder_version=&#8221;4.16&#8243; text_font=&#8221;||||||||&#8221; header_font=&#8221;||||||||&#8221; header_2_font=&#8221;Khand|700||on|||||&#8221; header_2_font_size=&#8221;60px&#8221; header_2_line_height=&#8221;1.2em&#8221; background_layout=&#8221;dark&#8221; custom_margin_tablet=&#8221;|||60vw&#8221; custom_margin_last_edited=&#8221;off|phone&#8221; header_2_font_size_tablet=&#8221;40px&#8221; header_2_font_size_phone=&#8221;30px&#8221; header_2_font_size_last_edited=&#8221;on|desktop&#8221; global_colors_info=&#8221;{}&#8221;]<\/p>\n<h2>szolg\u00e1ltat\u00e1saink<\/h2>\n<p>[\/et_pb_text][et_pb_divider color=&#8221;#f71635&#8243; divider_style=&#8221;double&#8221; divider_weight=&#8221;10px&#8221; _builder_version=&#8221;4.16&#8243; transform_skew=&#8221;-20deg|0deg&#8221; max_width=&#8221;100px&#8221; height=&#8221;10px&#8221; locked=&#8221;off&#8221; global_colors_info=&#8221;{}&#8221;][\/et_pb_divider][\/et_pb_column][\/et_pb_row][et_pb_row column_structure=&#8221;1_2,1_2&#8243; _builder_version=&#8221;4.16&#8243; global_colors_info=&#8221;{}&#8221;][et_pb_column type=&#8221;1_2&#8243; _builder_version=&#8221;4.16&#8243; custom_padding=&#8221;|||&#8221; global_colors_info=&#8221;{}&#8221; custom_padding__hover=&#8221;|||&#8221;][et_pb_blurb title=&#8221;- Szem\u00e9ly- \u00e9s teherg\u00e9pkocsi teljes k\u00f6r\u0171 szervizel\u00e9s&#8221; use_icon=&#8221;on&#8221; font_icon=&#8221;&#x5e;||divi||400&#8243; icon_color=&#8221;#f71635&#8243; icon_placement=&#8221;left&#8221; image_icon_width=&#8221;20px&#8221; _builder_version=&#8221;4.16&#8243; header_font=&#8221;|700||on|||||&#8221; header_font_size=&#8221;16px&#8221; header_letter_spacing=&#8221;2px&#8221; header_line_height=&#8221;1.2em&#8221; body_font=&#8221;|600|||||||&#8221; body_line_height=&#8221;2em&#8221; background_layout=&#8221;dark&#8221; animation=&#8221;off&#8221; icon_font_size=&#8221;20px&#8221; global_colors_info=&#8221;{}&#8221;][\/et_pb_blurb][et_pb_blurb title=&#8221;- F\u00e9k-, fut\u00f3m\u0171 jav\u00edt\u00e1s&#8221; use_icon=&#8221;on&#8221; font_icon=&#8221;&#x5e;||divi||400&#8243; icon_color=&#8221;#f71635&#8243; icon_placement=&#8221;left&#8221; image_icon_width=&#8221;20px&#8221; _builder_version=&#8221;4.16&#8243; header_font=&#8221;|700||on|||||&#8221; header_font_size=&#8221;16px&#8221; header_letter_spacing=&#8221;2px&#8221; header_line_height=&#8221;1.2em&#8221; body_font=&#8221;|600|||||||&#8221; body_line_height=&#8221;2em&#8221; background_layout=&#8221;dark&#8221; animation=&#8221;off&#8221; icon_font_size=&#8221;20px&#8221; global_colors_info=&#8221;{}&#8221;][\/et_pb_blurb][et_pb_blurb title=&#8221;- Motor-, v\u00e1lt\u00f3 fel\u00faj\u00edt\u00e1s&#8221; use_icon=&#8221;on&#8221; font_icon=&#8221;&#x5e;||divi||400&#8243; icon_color=&#8221;#f71635&#8243; icon_placement=&#8221;left&#8221; image_icon_width=&#8221;20px&#8221; _builder_version=&#8221;4.16&#8243; header_font=&#8221;|700||on|||||&#8221; header_font_size=&#8221;16px&#8221; header_letter_spacing=&#8221;2px&#8221; header_line_height=&#8221;1.2em&#8221; body_font=&#8221;|600|||||||&#8221; body_line_height=&#8221;2em&#8221; background_layout=&#8221;dark&#8221; animation=&#8221;off&#8221; icon_font_size=&#8221;20px&#8221; global_colors_info=&#8221;{}&#8221;][\/et_pb_blurb][et_pb_blurb title=&#8221;- DPF (r\u00e9szecskesz\u0171r\u0151 tiszt\u00edt\u00e1s), le-felszerel\u00e9s&#8221; use_icon=&#8221;on&#8221; font_icon=&#8221;&#x5e;||divi||400&#8243; icon_color=&#8221;#f71635&#8243; icon_placement=&#8221;left&#8221; image_icon_width=&#8221;20px&#8221; _builder_version=&#8221;4.16&#8243; header_font=&#8221;|700||on|||||&#8221; header_font_size=&#8221;16px&#8221; header_letter_spacing=&#8221;2px&#8221; header_line_height=&#8221;1.2em&#8221; body_font=&#8221;|600|||||||&#8221; body_line_height=&#8221;2em&#8221; background_layout=&#8221;dark&#8221; animation=&#8221;off&#8221; icon_font_size=&#8221;20px&#8221; global_colors_info=&#8221;{}&#8221;][\/et_pb_blurb][et_pb_blurb title=&#8221;- Fel\u00e9p\u00edtm\u00e9ny-, karossz\u00e9ri\u00e1s jav\u00edt\u00e1s&#8221; use_icon=&#8221;on&#8221; font_icon=&#8221;&#x5e;||divi||400&#8243; icon_color=&#8221;#f71635&#8243; icon_placement=&#8221;left&#8221; image_icon_width=&#8221;20px&#8221; _builder_version=&#8221;4.16&#8243; header_font=&#8221;|700||on|||||&#8221; header_font_size=&#8221;16px&#8221; header_letter_spacing=&#8221;2px&#8221; header_line_height=&#8221;1.2em&#8221; body_font=&#8221;|600|||||||&#8221; body_line_height=&#8221;2em&#8221; background_layout=&#8221;dark&#8221; animation=&#8221;off&#8221; icon_font_size=&#8221;20px&#8221; global_colors_info=&#8221;{}&#8221;][\/et_pb_blurb][\/et_pb_column][et_pb_column type=&#8221;1_2&#8243; _builder_version=&#8221;4.16&#8243; custom_padding=&#8221;|||&#8221; global_colors_info=&#8221;{}&#8221; custom_padding__hover=&#8221;|||&#8221;][et_pb_blurb title=&#8221;- Motordiagnosztika (szem\u00e9ly-teher, 2022-ig)&#8221; use_icon=&#8221;on&#8221; font_icon=&#8221;&#x5e;||divi||400&#8243; icon_color=&#8221;#f71635&#8243; icon_placement=&#8221;left&#8221; image_icon_width=&#8221;20px&#8221; _builder_version=&#8221;4.16&#8243; header_font=&#8221;|700||on|||||&#8221; header_font_size=&#8221;16px&#8221; header_letter_spacing=&#8221;2px&#8221; header_line_height=&#8221;1.2em&#8221; body_font=&#8221;|600|||||||&#8221; body_line_height=&#8221;2em&#8221; background_layout=&#8221;dark&#8221; animation=&#8221;off&#8221; icon_font_size=&#8221;20px&#8221; global_colors_info=&#8221;{}&#8221;][\/et_pb_blurb][et_pb_blurb title=&#8221;- M\u0171szaki vizsga&#8221; use_icon=&#8221;on&#8221; font_icon=&#8221;&#x5e;||divi||400&#8243; icon_color=&#8221;#f71635&#8243; icon_placement=&#8221;left&#8221; image_icon_width=&#8221;20px&#8221; _builder_version=&#8221;4.16&#8243; header_font=&#8221;|700||on|||||&#8221; header_font_size=&#8221;16px&#8221; header_letter_spacing=&#8221;2px&#8221; header_line_height=&#8221;1.2em&#8221; body_font=&#8221;|600|||||||&#8221; body_line_height=&#8221;2em&#8221; background_layout=&#8221;dark&#8221; animation=&#8221;off&#8221; icon_font_size=&#8221;20px&#8221; global_colors_info=&#8221;{}&#8221;][\/et_pb_blurb][et_pb_blurb title=&#8221;- Kamionment\u00e9s helysz\u00edni jav\u00edt\u00e1ssal, belf\u00f6ld\u00f6n \u00e9s k\u00fclf\u00f6ld\u00f6n&#8221; use_icon=&#8221;on&#8221; font_icon=&#8221;&#x5e;||divi||400&#8243; icon_color=&#8221;#f71635&#8243; icon_placement=&#8221;left&#8221; image_icon_width=&#8221;20px&#8221; _builder_version=&#8221;4.16&#8243; header_font=&#8221;|700||on|||||&#8221; header_font_size=&#8221;16px&#8221; header_letter_spacing=&#8221;2px&#8221; header_line_height=&#8221;1.2em&#8221; body_font=&#8221;|600|||||||&#8221; body_line_height=&#8221;2em&#8221; background_layout=&#8221;dark&#8221; animation=&#8221;off&#8221; icon_font_size=&#8221;20px&#8221; global_colors_info=&#8221;{}&#8221;][\/et_pb_blurb][et_pb_blurb title=&#8221;Flottakezel\u00e9s&#8221; use_icon=&#8221;on&#8221; font_icon=&#8221;&#x5e;||divi||400&#8243; icon_color=&#8221;#f71635&#8243; icon_placement=&#8221;left&#8221; image_icon_width=&#8221;20px&#8221; _builder_version=&#8221;4.22.1&#8243; header_font=&#8221;|700||on|||||&#8221; header_font_size=&#8221;16px&#8221; header_letter_spacing=&#8221;2px&#8221; header_line_height=&#8221;1.2em&#8221; body_font=&#8221;|600|||||||&#8221; body_line_height=&#8221;2em&#8221; background_layout=&#8221;dark&#8221; animation=&#8221;off&#8221; hover_enabled=&#8221;0&#8243; icon_font_size=&#8221;20px&#8221; global_colors_info=&#8221;{}&#8221; header_text_color=&#8221;#E02B20&#8243; sticky_enabled=&#8221;0&#8243;][\/et_pb_blurb][et_pb_blurb title=&#8221;Kamion diagnosztika \u00e9s fut\u00f3m\u0171 \u00e1ll\u00edt\u00e1s&#8221; use_icon=&#8221;on&#8221; font_icon=&#8221;&#x5e;||divi||400&#8243; icon_color=&#8221;#f71635&#8243; icon_placement=&#8221;left&#8221; image_icon_width=&#8221;20px&#8221; _builder_version=&#8221;4.22.1&#8243; header_font=&#8221;|700||on|||||&#8221; header_font_size=&#8221;16px&#8221; header_letter_spacing=&#8221;2px&#8221; header_line_height=&#8221;1.2em&#8221; body_font=&#8221;|600|||||||&#8221; body_line_height=&#8221;2em&#8221; background_layout=&#8221;dark&#8221; animation=&#8221;off&#8221; hover_enabled=&#8221;0&#8243; icon_font_size=&#8221;20px&#8221; global_colors_info=&#8221;{}&#8221; header_text_color=&#8221;#E02B20&#8243; sticky_enabled=&#8221;0&#8243;][\/et_pb_blurb][\/et_pb_column][\/et_pb_row][\/et_pb_section]<\/p>\n","protected":false},"excerpt":{"rendered":"<p>halom truckszerviz KFT.A c\u00e9get Fazekas L\u00e1szl\u00f3, 2014-ben az akkor m\u00e1r t\u00f6bb, mint 15 \u00e9ves g\u00e9pj\u00e1rm\u0171 jav\u00edt\u00e1sban szerzett tapasztalat\u00e1ra alap\u00edtotta, Halom Truck Szerviz Kft. n\u00e9ven.Fazekas L\u00e1szl\u00f3 +36 30 414 9479Drlak Istv\u00e1n +36 30 264 8866Kov\u00e1cs G\u00e1bor +36 20 342 7782Pauliscse S\u00e1ndor +36 30 950 2768Fazekas L\u00e1szl\u00f3 +36 30 414 9479Munkafelv\u00e9tel : +36 30 414 9479Partnereinkszolg\u00e1ltat\u00e1saink<\/p>\n","protected":false},"author":1,"featured_media":0,"parent":0,"menu_order":0,"comment_status":"closed","ping_status":"closed","template":"","meta":{"_et_pb_use_builder":"on","_et_pb_old_content":"<!-- wp:divi\/placeholder \/-->","_et_gb_content_width":"","footnotes":""},"class_list":["post-12","page","type-page","status-publish","hentry"],"_links":{"self":[{"href":"https:\/\/www.halomtruck.hu\/index.php\/wp-json\/wp\/v2\/pages\/12","targetHints":{"allow":["GET"]}}],"collection":[{"href":"https:\/\/www.halomtruck.hu\/index.php\/wp-json\/wp\/v2\/pages"}],"about":[{"href":"https:\/\/www.halomtruck.hu\/index.php\/wp-json\/wp\/v2\/types\/page"}],"author":[{"embeddable":true,"href":"https:\/\/www.halomtruck.hu\/index.php\/wp-json\/wp\/v2\/users\/1"}],"replies":[{"embeddable":true,"href":"https:\/\/www.halomtruck.hu\/index.php\/wp-json\/wp\/v2\/comments?post=12"}],"version-history":[{"count":20,"href":"https:\/\/www.halomtruck.hu\/index.php\/wp-json\/wp\/v2\/pages\/12\/revisions"}],"predecessor-version":[{"id":150,"href":"https:\/\/www.halomtruck.hu\/index.php\/wp-json\/wp\/v2\/pages\/12\/revisions\/150"}],"wp:attachment":[{"href":"https:\/\/www.halomtruck.hu\/index.php\/wp-json\/wp\/v2\/media?parent=12"}],"curies":[{"name":"wp","href":"https:\/\/api.w.org\/{rel}","templated":true}]}}