{"id":113,"date":"2022-12-26T11:02:10","date_gmt":"2022-12-26T11:02:10","guid":{"rendered":"https:\/\/halomtruck.hu\/?page_id=113"},"modified":"2023-08-31T18:37:28","modified_gmt":"2023-08-31T18:37:28","slug":"kapcsolat","status":"publish","type":"page","link":"https:\/\/www.halomtruck.hu\/index.php\/kapcsolat\/","title":{"rendered":"Kapcsolat"},"content":{"rendered":"<p>[et_pb_section fb_built=&#8221;1&#8243; custom_padding_last_edited=&#8221;on|tablet&#8221; admin_label=&#8221;Header&#8221; _builder_version=&#8221;4.16&#8243; background_color=&#8221;#eaeaf1&#8243; use_background_color_gradient=&#8221;on&#8221; background_color_gradient_direction=&#8221;-67deg&#8221; background_color_gradient_stops=&#8221;#eaeaf1 20%|#ffffff 20%&#8221; background_color_gradient_start=&#8221;#eaeaf1&#8243; background_color_gradient_start_position=&#8221;20%&#8221; background_color_gradient_end=&#8221;#ffffff&#8221; background_color_gradient_end_position=&#8221;0%&#8221; background_position=&#8221;top_left&#8221; custom_padding=&#8221;0|0px|100px|0px|false|false&#8221; custom_padding_tablet=&#8221;||0px&#8221; custom_padding_phone=&#8221;&#8221; locked=&#8221;off&#8221; global_colors_info=&#8221;{}&#8221;][et_pb_row column_structure=&#8221;1_2,1_2&#8243; _builder_version=&#8221;4.16&#8243; width=&#8221;90%&#8221; width_tablet=&#8221;80%&#8221; width_last_edited=&#8221;off|desktop&#8221; max_width=&#8221;1800px&#8221; module_alignment=&#8221;right&#8221; custom_padding=&#8221;0px||0||false|false&#8221; use_custom_width=&#8221;on&#8221; width_unit=&#8221;off&#8221; custom_width_percent=&#8221;90%&#8221; global_colors_info=&#8221;{}&#8221;][et_pb_column type=&#8221;1_2&#8243; _builder_version=&#8221;4.16&#8243; custom_padding=&#8221;|50px||&#8221; global_colors_info=&#8221;{}&#8221; custom_padding__hover=&#8221;|||&#8221;][et_pb_divider color=&#8221;#0251b8&#8243; divider_weight=&#8221;80px&#8221; _builder_version=&#8221;4.16&#8243; transform_skew=&#8221;-22deg|0deg&#8221; transform_skew_linked=&#8221;off&#8221; height=&#8221;80px&#8221; custom_margin=&#8221;||60px|-20vw&#8221; custom_margin_tablet=&#8221;||30px&#8221; custom_margin_phone=&#8221;&#8221; custom_margin_last_edited=&#8221;on|tablet&#8221; locked=&#8221;off&#8221; global_colors_info=&#8221;{}&#8221;][\/et_pb_divider][et_pb_text _builder_version=&#8221;4.16&#8243; header_font=&#8221;Khand|700|on|on|||||&#8221; header_text_align=&#8221;left&#8221; header_font_size=&#8221;8vw&#8221; transform_skew=&#8221;-6deg|0deg&#8221; transform_skew_linked=&#8221;off&#8221; custom_margin=&#8221;||0px|||&#8221; header_font_size_tablet=&#8221;100px&#8221; header_font_size_phone=&#8221;50px&#8221; header_font_size_last_edited=&#8221;on|phone&#8221; global_colors_info=&#8221;{}&#8221;]<\/p>\n<h1>Kapcsolat<\/h1>\n<p>[\/et_pb_text][et_pb_divider color=&#8221;#f71635&#8243; divider_style=&#8221;double&#8221; divider_weight=&#8221;10px&#8221; _builder_version=&#8221;4.16&#8243; transform_skew=&#8221;-20deg|0deg&#8221; max_width=&#8221;100px&#8221; height=&#8221;10px&#8221; locked=&#8221;off&#8221; global_colors_info=&#8221;{}&#8221;][\/et_pb_divider][et_pb_text _builder_version=&#8221;4.19.4&#8243; text_font=&#8221;|600|||||||&#8221; text_font_size=&#8221;24px&#8221; text_line_height=&#8221;2em&#8221; text_font_size_tablet=&#8221;&#8221; text_font_size_phone=&#8221;16px&#8221; text_font_size_last_edited=&#8221;on|phone&#8221; global_colors_info=&#8221;{}&#8221;]<\/p>\n<div class=\"et_pb_text_inner\">\n<div data-shortcode-id=\"0.0.0.0.2-1556132400000\" data-quickaccess-editable=\"yes\" class=\"et-fb-popover-tinymce\">\n<div class=\"mce-content-body\" contenteditable=\"true\">\n<p>2030.<br \/>\u00c9rd Feh\u00e9rv\u00e1ri \u00fat 113<br \/><span style=\"font-size: 24px;\">H\u00e9tf\u0151 &#8211; P\u00e9ntek: 08:00 &#8211; 17:00<\/span><\/p>\n<p><span style=\"font-size: 24px;\">Szombat: 08:00 &#8211; 14:00<\/span><\/p>\n<\/div>\n<\/div>\n<\/div>\n<p>[\/et_pb_text][et_pb_blurb title=&#8221;+36 30 414 9479&#8243; use_icon=&#8221;on&#8221; font_icon=&#8221;&#xe090;||divi||400&#8243; icon_color=&#8221;#f71635&#8243; icon_placement=&#8221;left&#8221; image_icon_width=&#8221;52px&#8221; content_max_width=&#8221;100%&#8221; image_icon_width_tablet=&#8221;35px&#8221; image_icon_width_phone=&#8221;30px&#8221; image_icon_width_last_edited=&#8221;on|desktop&#8221; _builder_version=&#8221;4.19.4&#8243; header_level=&#8221;h3&#8243; header_font=&#8221;Khand|700|on|on|||||&#8221; header_text_color=&#8221;#f71635&#8243; header_font_size=&#8221;60px&#8221; body_font=&#8221;||||||||&#8221; custom_margin=&#8221;|||&#8221; custom_padding=&#8221;|||&#8221; animation=&#8221;off&#8221; header_font_size_tablet=&#8221;35px&#8221; header_font_size_phone=&#8221;30px&#8221; header_font_size_last_edited=&#8221;on|desktop&#8221; icon_font_size=&#8221;52px&#8221; icon_font_size_tablet=&#8221;35px&#8221; icon_font_size_phone=&#8221;30px&#8221; icon_font_size_last_edited=&#8221;on|desktop&#8221; locked=&#8221;off&#8221; global_colors_info=&#8221;{}&#8221;][\/et_pb_blurb][\/et_pb_column][et_pb_column type=&#8221;1_2&#8243; _builder_version=&#8221;4.16&#8243; custom_padding=&#8221;|||&#8221; global_colors_info=&#8221;{}&#8221; custom_padding__hover=&#8221;|||&#8221;][et_pb_contact_form captcha=&#8221;off&#8221; title=&#8221;\u00dczenet&#8221; module_id=&#8221;et_pb_contact_form_0&#8243; _builder_version=&#8221;4.19.4&#8243; form_field_background_color=&#8221;rgba(0,0,0,0)&#8221; form_field_text_color=&#8221;#ffffff&#8221; title_level=&#8221;h2&#8243; title_font=&#8221;Khand|700||on|||||&#8221; title_text_color=&#8221;#ffffff&#8221; title_font_size=&#8221;60px&#8221; title_line_height=&#8221;1.2em&#8221; form_field_font=&#8221;|600|||||||&#8221; form_field_font_size=&#8221;14px&#8221; form_field_line_height=&#8221;1.5em&#8221; background_color=&#8221;#0251b8&#8243; custom_button=&#8221;on&#8221; button_text_size=&#8221;14px&#8221; button_text_color=&#8221;#ffffff&#8221; button_bg_color=&#8221;rgba(255,255,255,0)&#8221; button_border_width=&#8221;2px&#8221; button_border_color=&#8221;#ffffff&#8221; button_border_radius=&#8221;0px&#8221; button_letter_spacing=&#8221;3px&#8221; button_font=&#8221;|700||on|||||&#8221; button_icon=&#8221;&#x45;||divi||400&#8243; button_on_hover=&#8221;off&#8221; custom_padding=&#8221;60px|40px|60px|40px|true|true&#8221; custom_padding_tablet=&#8221;50px|40px|50px|40px|true|true&#8221; custom_padding_phone=&#8221;30px|30px|30px|30px|true|true&#8221; custom_padding_last_edited=&#8221;off|phone&#8221; title_font_size_tablet=&#8221;40px&#8221; title_font_size_phone=&#8221;30px&#8221; title_font_size_last_edited=&#8221;on|desktop&#8221; border_color_all=&#8221;rgba(255,255,255,0.2)&#8221; border_width_bottom=&#8221;2px&#8221; form_background_color=&#8221;rgba(0,0,0,0)&#8221; locked=&#8221;off&#8221; global_colors_info=&#8221;{}&#8221; box_shadow_style__hover=&#8221;none&#8221; box_shadow_style__hover_enabled=&#8221;none&#8221; box_shadow_color__hover=&#8221;rgba(0,0,0,0.3)&#8221; box_shadow_color__hover_enabled=&#8221;rgba(0,0,0,0.3)&#8221; border_radii__hover=&#8221;on||||&#8221; border_radii__hover_enabled=&#8221;on||||&#8221; button_bg_color__hover=&#8221;#d10026&#8243; button_bg_color__hover_enabled=&#8221;on&#8221;][et_pb_contact_field field_id=&#8221;Name&#8221; field_title=&#8221;N\u00e9v&#8221; fullwidth_field=&#8221;on&#8221; _builder_version=&#8221;4.19.4&#8243; custom_margin=&#8221;||30px&#8221; global_colors_info=&#8221;{}&#8221; button_text_size__hover_enabled=&#8221;off&#8221; button_one_text_size__hover_enabled=&#8221;off&#8221; button_two_text_size__hover_enabled=&#8221;off&#8221; button_text_color__hover_enabled=&#8221;off&#8221; button_one_text_color__hover_enabled=&#8221;off&#8221; button_two_text_color__hover_enabled=&#8221;off&#8221; button_border_width__hover_enabled=&#8221;off&#8221; button_one_border_width__hover_enabled=&#8221;off&#8221; button_two_border_width__hover_enabled=&#8221;off&#8221; button_border_color__hover_enabled=&#8221;off&#8221; button_one_border_color__hover_enabled=&#8221;off&#8221; button_two_border_color__hover_enabled=&#8221;off&#8221; button_border_radius__hover_enabled=&#8221;off&#8221; button_one_border_radius__hover_enabled=&#8221;off&#8221; button_two_border_radius__hover_enabled=&#8221;off&#8221; button_letter_spacing__hover_enabled=&#8221;off&#8221; button_one_letter_spacing__hover_enabled=&#8221;off&#8221; button_two_letter_spacing__hover_enabled=&#8221;off&#8221; button_bg_color__hover_enabled=&#8221;off&#8221; button_one_bg_color__hover_enabled=&#8221;off&#8221; button_two_bg_color__hover_enabled=&#8221;off&#8221;][\/et_pb_contact_field][et_pb_contact_field field_id=&#8221;Email&#8221; field_title=&#8221;Email c\u00edm&#8221; field_type=&#8221;email&#8221; _builder_version=&#8221;4.19.4&#8243; custom_margin=&#8221;||30px&#8221; global_colors_info=&#8221;{}&#8221; button_text_size__hover_enabled=&#8221;off&#8221; button_one_text_size__hover_enabled=&#8221;off&#8221; button_two_text_size__hover_enabled=&#8221;off&#8221; button_text_color__hover_enabled=&#8221;off&#8221; button_one_text_color__hover_enabled=&#8221;off&#8221; button_two_text_color__hover_enabled=&#8221;off&#8221; button_border_width__hover_enabled=&#8221;off&#8221; button_one_border_width__hover_enabled=&#8221;off&#8221; button_two_border_width__hover_enabled=&#8221;off&#8221; button_border_color__hover_enabled=&#8221;off&#8221; button_one_border_color__hover_enabled=&#8221;off&#8221; button_two_border_color__hover_enabled=&#8221;off&#8221; button_border_radius__hover_enabled=&#8221;off&#8221; button_one_border_radius__hover_enabled=&#8221;off&#8221; button_two_border_radius__hover_enabled=&#8221;off&#8221; button_letter_spacing__hover_enabled=&#8221;off&#8221; button_one_letter_spacing__hover_enabled=&#8221;off&#8221; button_two_letter_spacing__hover_enabled=&#8221;off&#8221; button_bg_color__hover_enabled=&#8221;off&#8221; button_one_bg_color__hover_enabled=&#8221;off&#8221; button_two_bg_color__hover_enabled=&#8221;off&#8221; form_field_text_shadow_style__hover=&#8221;none&#8221; form_field_text_shadow_style__hover_enabled=&#8221;none&#8221; form_field_text_shadow_color__hover=&#8221;rgba(0,0,0,0.4)&#8221; form_field_text_shadow_color__hover_enabled=&#8221;rgba(0,0,0,0.4)&#8221;][\/et_pb_contact_field][et_pb_contact_field field_id=&#8221;Phone&#8221; field_title=&#8221;Telefonsz\u00e1m&#8221; allowed_symbols=&#8221;numbers&#8221; _builder_version=&#8221;4.19.4&#8243; custom_margin=&#8221;||30px&#8221; global_colors_info=&#8221;{}&#8221; button_text_size__hover_enabled=&#8221;off&#8221; button_one_text_size__hover_enabled=&#8221;off&#8221; button_two_text_size__hover_enabled=&#8221;off&#8221; button_text_color__hover_enabled=&#8221;off&#8221; button_one_text_color__hover_enabled=&#8221;off&#8221; button_two_text_color__hover_enabled=&#8221;off&#8221; button_border_width__hover_enabled=&#8221;off&#8221; button_one_border_width__hover_enabled=&#8221;off&#8221; button_two_border_width__hover_enabled=&#8221;off&#8221; button_border_color__hover_enabled=&#8221;off&#8221; button_one_border_color__hover_enabled=&#8221;off&#8221; button_two_border_color__hover_enabled=&#8221;off&#8221; button_border_radius__hover_enabled=&#8221;off&#8221; button_one_border_radius__hover_enabled=&#8221;off&#8221; button_two_border_radius__hover_enabled=&#8221;off&#8221; button_letter_spacing__hover_enabled=&#8221;off&#8221; button_one_letter_spacing__hover_enabled=&#8221;off&#8221; button_two_letter_spacing__hover_enabled=&#8221;off&#8221; button_bg_color__hover_enabled=&#8221;off&#8221; button_one_bg_color__hover_enabled=&#8221;off&#8221; button_two_bg_color__hover_enabled=&#8221;off&#8221;][\/et_pb_contact_field][et_pb_contact_field field_id=&#8221;Service&#8221; field_title=&#8221;Szerviz t\u00edpus&#8221; field_type=&#8221;select&#8221; select_options=&#8221;%91{%22value%22:%22Szem\u00e9lyg\u00e9pkocsi%22,%22checked%22:0,%22dragID%22:-1},{%22value%22:%22Teherg\u00e9pkocsi%22,%22checked%22:0,%22dragID%22:0},{%22value%22:%22Diagnosztika%22,%22checked%22:0,%22dragID%22:1},{%22value%22:%22Egy\u00e9b%22,%22checked%22:0,%22dragID%22:2}%93&#8243; fullwidth_field=&#8221;on&#8221; _builder_version=&#8221;4.19.4&#8243; custom_margin=&#8221;||30px&#8221; global_colors_info=&#8221;{}&#8221; button_text_size__hover_enabled=&#8221;off&#8221; button_one_text_size__hover_enabled=&#8221;off&#8221; button_two_text_size__hover_enabled=&#8221;off&#8221; button_text_color__hover_enabled=&#8221;off&#8221; button_one_text_color__hover_enabled=&#8221;off&#8221; button_two_text_color__hover_enabled=&#8221;off&#8221; button_border_width__hover_enabled=&#8221;off&#8221; button_one_border_width__hover_enabled=&#8221;off&#8221; button_two_border_width__hover_enabled=&#8221;off&#8221; button_border_color__hover_enabled=&#8221;off&#8221; button_one_border_color__hover_enabled=&#8221;off&#8221; button_two_border_color__hover_enabled=&#8221;off&#8221; button_border_radius__hover_enabled=&#8221;off&#8221; button_one_border_radius__hover_enabled=&#8221;off&#8221; button_two_border_radius__hover_enabled=&#8221;off&#8221; button_letter_spacing__hover_enabled=&#8221;off&#8221; button_one_letter_spacing__hover_enabled=&#8221;off&#8221; button_two_letter_spacing__hover_enabled=&#8221;off&#8221; button_bg_color__hover_enabled=&#8221;off&#8221; button_one_bg_color__hover_enabled=&#8221;off&#8221; button_two_bg_color__hover_enabled=&#8221;off&#8221;][\/et_pb_contact_field][et_pb_contact_field field_id=&#8221;Message&#8221; field_title=&#8221;\u00dczenet&#8221; field_type=&#8221;text&#8221; fullwidth_field=&#8221;on&#8221; _builder_version=&#8221;4.19.4&#8243; custom_margin=&#8221;||30px&#8221; global_colors_info=&#8221;{}&#8221; button_text_size__hover_enabled=&#8221;off&#8221; button_one_text_size__hover_enabled=&#8221;off&#8221; button_two_text_size__hover_enabled=&#8221;off&#8221; button_text_color__hover_enabled=&#8221;off&#8221; button_one_text_color__hover_enabled=&#8221;off&#8221; button_two_text_color__hover_enabled=&#8221;off&#8221; button_border_width__hover_enabled=&#8221;off&#8221; button_one_border_width__hover_enabled=&#8221;off&#8221; button_two_border_width__hover_enabled=&#8221;off&#8221; button_border_color__hover_enabled=&#8221;off&#8221; button_one_border_color__hover_enabled=&#8221;off&#8221; button_two_border_color__hover_enabled=&#8221;off&#8221; button_border_radius__hover_enabled=&#8221;off&#8221; button_one_border_radius__hover_enabled=&#8221;off&#8221; button_two_border_radius__hover_enabled=&#8221;off&#8221; button_letter_spacing__hover_enabled=&#8221;off&#8221; button_one_letter_spacing__hover_enabled=&#8221;off&#8221; button_two_letter_spacing__hover_enabled=&#8221;off&#8221; button_bg_color__hover_enabled=&#8221;off&#8221; button_one_bg_color__hover_enabled=&#8221;off&#8221; button_two_bg_color__hover_enabled=&#8221;off&#8221;][\/et_pb_contact_field][\/et_pb_contact_form][\/et_pb_column][\/et_pb_row][\/et_pb_section][et_pb_section fb_built=&#8221;1&#8243; specialty=&#8221;on&#8221; admin_label=&#8221;FAQ&#8221; _builder_version=&#8221;4.16&#8243; background_color=&#8221;#eaeaf1&#8243; background_image=&#8221;https:\/\/halomtruck.hu\/wp-content\/uploads\/2022\/12\/mechanic-80.png&#8221; background_size=&#8221;contain&#8221; background_position=&#8221;bottom_right&#8221; custom_padding=&#8221;||14vw|||&#8221; global_colors_info=&#8221;{}&#8221;][et_pb_column type=&#8221;1_2&#8243; specialty_columns=&#8221;2&#8243; _builder_version=&#8221;4.16&#8243; custom_padding=&#8221;|||&#8221; global_colors_info=&#8221;{}&#8221; custom_padding__hover=&#8221;|||&#8221;][et_pb_row_inner _builder_version=&#8221;4.16&#8243; global_colors_info=&#8221;{}&#8221;][et_pb_column_inner saved_specialty_column_type=&#8221;1_2&#8243; _builder_version=&#8221;4.16&#8243; custom_padding=&#8221;|||&#8221; global_colors_info=&#8221;{}&#8221; custom_padding__hover=&#8221;|||&#8221;][et_pb_text _builder_version=&#8221;4.16&#8243; text_font=&#8221;|600|||||||&#8221; text_line_height=&#8221;2em&#8221; header_font=&#8221;||||||||&#8221; header_2_font=&#8221;Khand|700||on|||||&#8221; header_2_font_size=&#8221;60px&#8221; header_2_line_height=&#8221;1.2em&#8221; header_2_font_size_tablet=&#8221;40px&#8221; header_2_font_size_phone=&#8221;30px&#8221; header_2_font_size_last_edited=&#8221;on|desktop&#8221; locked=&#8221;off&#8221; global_colors_info=&#8221;{}&#8221;]<\/p>\n<h2>el\u00e9rhet\u0151s\u00e9gek<\/h2>\n<p>[\/et_pb_text][et_pb_divider color=&#8221;#f71635&#8243; divider_style=&#8221;double&#8221; divider_weight=&#8221;10px&#8221; _builder_version=&#8221;4.16&#8243; transform_skew=&#8221;-20deg|0deg&#8221; max_width=&#8221;100px&#8221; height=&#8221;10px&#8221; locked=&#8221;off&#8221; global_colors_info=&#8221;{}&#8221;][\/et_pb_divider][\/et_pb_column_inner][\/et_pb_row_inner][et_pb_row_inner _builder_version=&#8221;4.16&#8243; background_color=&#8221;#ffffff&#8221; custom_margin_tablet=&#8221;0vw||&#8221; custom_margin_last_edited=&#8221;off|tablet&#8221; custom_padding=&#8221;0|0|0px|0px|false|false&#8221; box_shadow_style=&#8221;preset2&#8243; box_shadow_vertical=&#8221;28px&#8221; box_shadow_blur=&#8221;40px&#8221; box_shadow_color=&#8221;rgba(0,0,0,0.1)&#8221; global_colors_info=&#8221;{}&#8221;][et_pb_column_inner saved_specialty_column_type=&#8221;1_2&#8243; _builder_version=&#8221;4.16&#8243; custom_padding=&#8221;|||&#8221; global_colors_info=&#8221;{}&#8221; custom_padding__hover=&#8221;|||&#8221;][et_pb_text _builder_version=&#8221;4.22.1&#8243; _module_preset=&#8221;default&#8221; module_alignment=&#8221;center&#8221; hover_enabled=&#8221;0&#8243; global_colors_info=&#8221;{}&#8221; sticky_enabled=&#8221;0&#8243;]<\/p>\n<table border=\"1\" style=\"border-collapse: collapse; width: 100%;\">\n<tbody>\n<tr style=\"height: 24px;\">\n<td style=\"width: 33.3333%; height: 24px;\">Fazekas L\u00e1szl\u00f3<\/td>\n<td style=\"width: 33.3333%; height: 24px;\">\u00dcgyvezet\u0151<\/td>\n<td style=\"width: 33.3333%; height: 24px;\"><span>+36-30-414-9479<\/span><\/td>\n<\/tr>\n<tr style=\"height: 24px;\">\n<td style=\"width: 33.3333%; height: 24px;\">Kov\u00e1cs G\u00e1bor<\/td>\n<td style=\"width: 33.3333%; height: 24px;\">Irodavezet\u0151<\/td>\n<td style=\"width: 33.3333%; height: 24px;\"><span>+36-20-342-7782<\/span><\/td>\n<\/tr>\n<tr style=\"height: 24px;\">\n<td style=\"width: 33.3333%; height: 24px;\">Drl\u00e1k Istv\u00e1n<\/td>\n<td style=\"width: 33.3333%; height: 24px;\">Gumiszerviz<\/td>\n<td style=\"width: 33.3333%; height: 24px;\"><span>+36-30-264-8866<\/span><\/td>\n<\/tr>\n<tr style=\"height: 24px;\">\n<td style=\"width: 33.3333%; height: 24px;\"><span>Pauliscse S\u00e1ndor<\/span><\/td>\n<td style=\"width: 33.3333%; height: 24px;\"><span>G\u00e9pj\u00e1rm\u0171 \u00e9rt\u00e9kes\u00edt\u0151<\/span><\/td>\n<td style=\"width: 33.3333%; height: 24px;\"><span>+36-30-950-2768<\/span><\/td>\n<\/tr>\n<tr>\n<td style=\"width: 33.3333%;\">Fazekas L\u00e1szl\u00f3<\/td>\n<td style=\"width: 33.3333%;\">Munkafelv\u00e9tel<\/td>\n<td style=\"width: 33.3333%;\">\n<p class=\"p1\"><span>+36-30-414-9479<\/span><\/p>\n<\/td>\n<\/tr>\n<\/tbody>\n<\/table>\n<p>[\/et_pb_text][\/et_pb_column_inner][\/et_pb_row_inner][\/et_pb_column][et_pb_column type=&#8221;1_2&#8243; _builder_version=&#8221;4.16&#8243; custom_padding=&#8221;|||&#8221; global_colors_info=&#8221;{}&#8221; custom_padding__hover=&#8221;|||&#8221;][\/et_pb_column][\/et_pb_section]<\/p>\n","protected":false},"excerpt":{"rendered":"<p>Kapcsolat 2030.\u00c9rd Feh\u00e9rv\u00e1ri \u00fat 113H\u00e9tf\u0151 &#8211; P\u00e9ntek: 08:00 &#8211; 17:00 Szombat: 08:00 &#8211; 14:00 el\u00e9rhet\u0151s\u00e9gek Fazekas L\u00e1szl\u00f3 \u00dcgyvezet\u0151 +36-30-414-9479 Kov\u00e1cs G\u00e1bor Irodavezet\u0151 +36-20-342-7782 Drl\u00e1k Istv\u00e1n Gumiszerviz +36-30-264-8866 Pauliscse S\u00e1ndor G\u00e9pj\u00e1rm\u0171 \u00e9rt\u00e9kes\u00edt\u0151 +36-30-950-2768 Fazekas L\u00e1szl\u00f3 Munkafelv\u00e9tel +36-30-414-9479<\/p>\n","protected":false},"author":1,"featured_media":0,"parent":0,"menu_order":0,"comment_status":"closed","ping_status":"closed","template":"","meta":{"_et_pb_use_builder":"on","_et_pb_old_content":"","_et_gb_content_width":"","footnotes":""},"class_list":["post-113","page","type-page","status-publish","hentry"],"_links":{"self":[{"href":"https:\/\/www.halomtruck.hu\/index.php\/wp-json\/wp\/v2\/pages\/113","targetHints":{"allow":["GET"]}}],"collection":[{"href":"https:\/\/www.halomtruck.hu\/index.php\/wp-json\/wp\/v2\/pages"}],"about":[{"href":"https:\/\/www.halomtruck.hu\/index.php\/wp-json\/wp\/v2\/types\/page"}],"author":[{"embeddable":true,"href":"https:\/\/www.halomtruck.hu\/index.php\/wp-json\/wp\/v2\/users\/1"}],"replies":[{"embeddable":true,"href":"https:\/\/www.halomtruck.hu\/index.php\/wp-json\/wp\/v2\/comments?post=113"}],"version-history":[{"count":7,"href":"https:\/\/www.halomtruck.hu\/index.php\/wp-json\/wp\/v2\/pages\/113\/revisions"}],"predecessor-version":[{"id":141,"href":"https:\/\/www.halomtruck.hu\/index.php\/wp-json\/wp\/v2\/pages\/113\/revisions\/141"}],"wp:attachment":[{"href":"https:\/\/www.halomtruck.hu\/index.php\/wp-json\/wp\/v2\/media?parent=113"}],"curies":[{"name":"wp","href":"https:\/\/api.w.org\/{rel}","templated":true}]}}